{"id":171,"date":"2019-12-04T12:57:14","date_gmt":"2019-12-04T12:57:14","guid":{"rendered":"http:\/\/rodrigo.pavezmunoz.cl\/?page_id=171"},"modified":"2025-06-04T23:57:41","modified_gmt":"2025-06-04T23:57:41","slug":"resume","status":"publish","type":"page","link":"https:\/\/rodrigo.pavezmunoz.cl\/en\/resume\/","title":{"rendered":"Curriculum"},"content":{"rendered":"<section class=\"fw-main-row\"  >\n\t<div class=\"fw-container\">\n\t\t<div class=\"row\">\n\t\r\n\r\n<div class=\"col-xs-12 col-sm-6\">\r\n    <div id=\"col_inner_54bc3b5c8064e14bcea5668fb54e2d2d\" class=\"fw-col-inner\" data-paddings=\"0px 0px 0px 0px\">\r\n    \t\n<div class=\"block-title\">\n    <h2>Experience<\/h2>\n<\/div>\n\n\n<div id=\"timeline-69fff5ab9f1a7\" class=\"timeline clearfix\">\n\t\t<div class=\"timeline-item clearfix\">\n        <h5 class=\"item-period current\">Ago 2024 - <\/h5>\n        <span class=\"item-company\">Aplaid<\/span>\n        <h4 class=\"item-title\">Gerente de Proyecto<\/h4>\n        <div class=\"text\">\n        \t<a href=\"https:\/\/aplaid.com\/\" target=\"_blank\">Aplaid<\/a>  es una consultora boutique, especializada en IA, innovaci\u00f3n y transformaci\u00f3n digital.<br><br>\r\n\u2022 Asesoro a empresas de las industrias mineras, financieras y otras, en Chile y Per\u00fa, en el dise\u00f1o de proyectos digitales.<br>\r\n\u2022 Colaboro en la definici\u00f3n tecnolog\u00edas, arquitectura, scope, equipo de trabajo y governance del proyecto, y luego en la\r\nejecuci\u00f3n, en conjunto con los equipos del cliente y otros stakeholders.<br>\r\n\u2022 Realizo consultor\u00eda de procesos para empresa Molymet.<br>\r\n\u2022 Lidero la gesti\u00f3n del producto y el desarrollo de una app m\u00f3vil para educaci\u00f3n financiera (<a href=\"https:\/\/www.linkedin.com\/company\/moneyqueenbyadah\/about\/\" target=\"_blank\">MoneyQueen by Adah<\/a>). Trabajo en ingl\u00e9s con equipo de desarrollo en india. De cero a 600 usuarios y 4 clientes corporativos (entre ellos Caja Los Andes y La Araucana).        <\/div>\n        \t\t<span class=\"item-logo\"><img decoding=\"async\" src=\"\/\/rodrigo.pavezmunoz.cl\/wp-content\/uploads\/2025\/06\/Logo-Aplaid-cuadrado.png\" alt=\"image\" \/><\/span>\n\t\t    <\/div>\n\t\t<div class=\"timeline-item clearfix\">\n        <h5 class=\"item-period\">Jul. - Oct. 2023<\/h5>\n        <span class=\"item-company\">Zippedi<\/span>\n        <h4 class=\"item-title\">Technical Product Manager<\/h4>\n        <div class=\"text\">\n        \t<a href=\"https:\/\/home.zippedi.com\/\" target=\"_blank\">Zippedi<\/a> provides actionable data to the Retail, through a fleet of robots and artificial intelligence.<br><br>\r\nI managed several internal projects. I launched a new remote robot monitoring view and implemented AI for robot self-relocation, thereby helping to make the company more scalable. I also organized Looker Studio and Power BI reports.        <\/div>\n        \t\t<span class=\"item-logo\"><img decoding=\"async\" src=\"\/\/rodrigo.pavezmunoz.cl\/wp-content\/uploads\/2023\/12\/Logo-Zippedi-cuadrado.png\" alt=\"image\" \/><\/span>\n\t\t    <\/div>\n\t\t<div class=\"timeline-item clearfix\">\n        <h5 class=\"item-period\">2021 - 2023<\/h5>\n        <span class=\"item-company\">Autoque<\/span>\n        <h4 class=\"item-title\">Product Manager &amp; Founder<\/h4>\n        <div class=\"text\">\n        \t<a href=\"https:\/\/www.autoque.cl\/\" target=\"_blank\">Autoque<\/a> , automotive startup, the first e-commerce for P2P buying and selling of used cars in Chile totally onlin<br><br>\r\nI developed and launched an MVP, leading a development team, starting from the idea to a functional product, achieving a flow of new cars published\/month. I facilitated the development cycle, from the design of <i>wireframes<\/i>, to prioritize the <i>backlog<\/i>, testing in a QA environment and passing in to production.<br><br>\r\nI modeled and implemented all processes. I integrated digital tools, such as a CRM or virtual callcenter, that improve the scalability of the business. I collaborated in establishing alliances with key partners such as <a href=\"https:\/\/amicar.cl\/\" target=\"_blank\">Amicar<\/a>, <a href=\"https:\/\/www.autofact.cl\/\" target=\"_blank\">Autofact<\/a>, <a href=\"https:\/\/fullmec.cl\/\" target=\"_blank\">FullMec<\/a> y <a href=\"https:\/\/www.mapfre.cl\/\" target=\"_blank\">Mapfre<\/a>Overall technology and project guidance.        <\/div>\n        \t\t<span class=\"item-logo\"><img decoding=\"async\" src=\"\/\/rodrigo.pavezmunoz.cl\/wp-content\/uploads\/2023\/12\/Logo-Autoque-cuadrado.png\" alt=\"image\" \/><\/span>\n\t\t    <\/div>\n\t\t<div class=\"timeline-item clearfix\">\n        <h5 class=\"item-period\">2020<\/h5>\n        <span class=\"item-company\">G\u00fcil (Kaufmann Ventures)<\/span>\n        <h4 class=\"item-title\">Startup Lead (Entrepreneur in Residence) \/ Product Manager<\/h4>\n        <div class=\"text translation-block\"><a href=\"https:\/\/www.linkedin.com\/company\/gil-mobility-ventures\/\" target=\"_blank\">G\u00fcil<\/a> is Company Builder of the Kaufmann group, and develops startups projects in mobility services.<br><br>\nI led a project related to collective taxis (mobile app), which digitizes drivers and taxi lines and give passengers a better experience. I made a strategic roadmap. I formulated and controlled budget ($40 million CLP\/month approx.). I hired and managed a work team of 10 people. I was in charge of product development and technology in general. Diagnosed, improved and released new versions of the apps. I designed customer journeys and delegated usability tests. I trained to delegate QA tests.<br><br>\nI built and analyzed a user funnel and KPI reports. Prepared and presented presentations to the Kaufmann board of directors.<\/div>\n        \t\t<span class=\"item-logo\"><img decoding=\"async\" src=\"\/\/rodrigo.pavezmunoz.cl\/wp-content\/uploads\/2023\/12\/Logo-Guil.png\" alt=\"image\" \/><\/span>\n\t\t    <\/div>\n\t\t<div class=\"timeline-item clearfix\">\n        <h5 class=\"item-period\">2018 - 2019<\/h5>\n        <span class=\"item-company\">Parso<\/span>\n        <h4 class=\"item-title\">Country Manager \/ Product Owner<\/h4>\n        <div class=\"text\">\n        \t<a href=\"https:\/\/www.parso.co\/parking\" target=\"_blank\">Parso<\/a> (Costa Rica) develops digital apps for the payment and control of parking, integrating elements of IoT (internet of things) such as sensors and cameras.<br><br>\r\nI managed the adaptation of technology in the country, leading the development team and launching 3 new apps for Chile. I worked in direct contact with CEO \/ DevOps Team \/ Clients. I generated new projects and opportunities in Chile. Established negotiations with 6 new prospects, carried out 2 pilots with parking operators and 1 project with a municipality.        <\/div>\n        \t\t<span class=\"item-logo\"><img decoding=\"async\" src=\"\/\/rodrigo.pavezmunoz.cl\/wp-content\/uploads\/2023\/12\/Logo-Parso-cuadrado.png\" alt=\"image\" \/><\/span>\n\t\t    <\/div>\n\t\t<div class=\"timeline-item clearfix\">\n        <h5 class=\"item-period\">2017 - 2018<\/h5>\n        <span class=\"item-company\">Acambio<\/span>\n        <h4 class=\"item-title\">CTO &amp; Founder<\/h4>\n        <div class=\"text\">\n        \tAcambio, <b>Startup Fintech<\/b> es un marketplace B2B para el intercambio empresarial sin dinero (apoyado por <a href=\"https:\/\/corfo.cl\/sites\/cpp\/homecorfo\" target=\"_blank\">Corfo<\/a> y <a href=\"https:\/\/magicalstartups.com\/en\/\" target=\"_blank\">Magical<\/a>).<br><br>\r\nPlanifiqu\u00e9 y lider\u00e9 el proyecto. Responsable de toda la plataforma tecnol\u00f3gica y sus procesos. Implement\u00e9 software bancario <a href=\"https:\/\/www.cyclos.org\/\" target=\"_blank\">Cyclos<\/a> . Present\u00e9 (pitch) a clientes. Logr\u00e9 pasar desde la idea hasta las primeras operaciones, alrededor de 50 usuarios\/empresas participantes a la fecha.        <\/div>\n        \t\t<span class=\"item-logo\"><img decoding=\"async\" src=\"\/\/rodrigo.pavezmunoz.cl\/wp-content\/uploads\/2023\/12\/Logo-Acambio-cuadrado.png\" alt=\"image\" \/><\/span>\n\t\t    <\/div>\n\t\t<div class=\"timeline-item clearfix\">\n        <h5 class=\"item-period\">2014 - 2017<\/h5>\n        <span class=\"item-company\">Independiente<\/span>\n        <h4 class=\"item-title\">Consultor Senior y Emprendedor<\/h4>\n        <div class=\"text\">\n        \t<b>Consultor \/ Project Manager<\/b>: Para varios clientes, saqu\u00e9 adelante varios proyectos como: Implementaci\u00f3n de CRM integrado a web y\r\nsistema de e-mailing, logrando ~25% m\u00e1s en ventas. Tambi\u00e9n trabaj\u00e9 como desarrollador web Front-End (Vue.js,) con Scrum.<br><br>\r\n<b>Emprendedor<\/b>: Desarroll\u00e9 MVPs y propuestas de valor para proyectos innovadores; hice prospecci\u00f3n de clientes; present\u00e9 pitchs. Cre\u00e9 la empresa Yovendo Propiedades de corretaje inmobiliario, con ventas de m\u00e1s de $10 millones el primera a\u00f1o.        <\/div>\n        \t\t<span class=\"item-logo\"><img decoding=\"async\" src=\"\/\/rodrigo.pavezmunoz.cl\/wp-content\/uploads\/2023\/12\/Logo-Yovendopropiedades-cuadrado.png\" alt=\"image\" \/><\/span>\n\t\t    <\/div>\n\t\t<div class=\"timeline-item clearfix\">\n        <h5 class=\"item-period\">2007 - 2013<\/h5>\n        <span class=\"item-company\">Sigma (Red to Green, Grupo Angelini)<\/span>\n        <h4 class=\"item-title\">Consultor IT<\/h4>\n        <div class=\"text\">\n        \tImplement\u00e9 proyectos de ERP de clase mundial \u201cInfor M3\u201d, en varias empresas. D\u00ed soporte para la base instalada de clientes (Orizon, Sigma S.A., Arizt\u00eda y otros), resolviendo incidencias y mejorando sus operaciones. Present\u00e9 soluciones para pre-venta.<br><br>\r\nDise\u00f1\u00e9 y gestion\u00e9 la puesta en marcha de nuevas soluciones\/aplicaciones personalizadas para los clientes. Model\u00e9 procesos. Gener\u00e9 paneles de control para los clientes, disponibilizando informaci\u00f3n clave (KPIs) usando Business Intelligence. Analic\u00e9 datos para toma de decisiones o para lograr la resoluci\u00f3n de problemas. Fui Jefe de \u00e1rea subrogante (8 personas).        <\/div>\n        \t\t<span class=\"item-logo\"><img decoding=\"async\" src=\"\/\/rodrigo.pavezmunoz.cl\/wp-content\/uploads\/2023\/12\/Logo-Sigma-cuadrado.png\" alt=\"image\" \/><\/span>\n\t\t    <\/div>\n\t\t<div class=\"timeline-item clearfix\">\n        <h5 class=\"item-period\">2004 - 2006<\/h5>\n        <span class=\"item-company\">Entel<\/span>\n        <h4 class=\"item-title\">Financial Controller<\/h4>\n        <div class=\"text\">\n        \tAnalic\u00e9 y entregu\u00e9 data relevante para la gerencia (reportes y KPIs). Apoy\u00e9 la generaci\u00f3n y control de presupuesto (MM$12.000 anuales aprox).\r\nDesarroll\u00e9 nuevo modelo de costos. Consolid\u00e9 informaci\u00f3n de personal externo (outsourcing), en dependencias Entel (1.000 personas aprox.).        <\/div>\n        \t\t<span class=\"item-logo\"><img decoding=\"async\" src=\"\/\/rodrigo.pavezmunoz.cl\/wp-content\/uploads\/2023\/12\/Logo-Entel.png\" alt=\"image\" \/><\/span>\n\t\t    <\/div>\n\t<\/div>\n\t<\/div>\r\n<\/div>\r\n\r\n\r\n<div class=\"col-xs-12 col-sm-6\">\r\n    <div id=\"col_inner_a8261f345bfbade4d0936de2892d463f\" class=\"fw-col-inner\" data-paddings=\"0px 0px 0px 0px\">\r\n    \t\n<div class=\"block-title\">\n    <h2>Education<\/h2>\n<\/div>\n\n\n<div id=\"timeline-69fff5ab9ff68\" class=\"timeline clearfix\">\n\t\t<div class=\"timeline-item clearfix\">\n        <h5 class=\"item-period\">2013 - 2014<\/h5>\n        <span class=\"item-company\">UC Chile - Pontifical Catholic University of Chile<\/span>\n        <h4 class=\"item-title\">Master in Design<\/h4>\n        <div class=\"text\">\n        \tInnovation and entrepreneurship        <\/div>\n            <\/div>\n\t\t<div class=\"timeline-item clearfix\">\n        <h5 class=\"item-period\">1996 - 2003<\/h5>\n        <span class=\"item-company\">UC Chile - Pontifical Catholic University of Chile<\/span>\n        <h4 class=\"item-title\">Industrial Civil Engineer<\/h4>\n        <div class=\"text\">\n        \tMechanical specialization        <\/div>\n            <\/div>\n\t<\/div>\n\t<\/div>\r\n<\/div>\r\n<\/div>\n\n<div class=\"row\">\n\t\r\n\r\n<div class=\"col-xs-12 col-sm-12\">\r\n    <div id=\"col_inner_7efa1d6a3a831b6e900bde5f116a3c77\" class=\"fw-col-inner\" data-paddings=\"0px 0px 0px 0px\">\r\n    \t\n\t<div class=\"fw-divider-space\" style=\"padding-top: 20px;\"><\/div>\n\n<div class=\"block-title\">\n    <h2>Certificados<\/h2>\n<\/div>\n\t<\/div>\r\n<\/div>\r\n<\/div>\n\n<div class=\"row\">\n\t\r\n\r\n<div class=\"col-xs-12 col-sm-4\">\r\n    <div id=\"col_inner_2f803210a199a1d1a1e04170bd6e1078\" class=\"fw-col-inner\" data-paddings=\"0px 0px 0px 0px\">\r\n    \t\n<a href=\"\/\/rodrigo.pavezmunoz.cl\/wp-content\/uploads\/2024\/01\/Certificado-Data-Analytics.png\" class=\"lightbox\">\n<div class=\"certificate-item clearfix\">\n    <div class=\"certi-logo\">\n                <img decoding=\"async\" src=\"\/\/rodrigo.pavezmunoz.cl\/wp-content\/uploads\/2024\/01\/Coder.png\" alt=\"logo\">\n            <\/div>\n    <div class=\"certi-content\">\n        <div class=\"certi-title\">\n            <h4>Data Analytics<\/h4>\n        <\/div>\n        <div class=\"certi-id\">\n            <span>658dd72269f807001944f6b8<\/span>\n        <\/div>\n        <div class=\"certi-date\">\n            <span>Mayo 2023<\/span>\n        <\/div>\n        <div class=\"certi-company\">\n            <span><\/span>\n        <\/div>\n    <\/div>\n<\/div>\n<\/a>\n\t<\/div>\r\n<\/div>\r\n\r\n\r\n<div class=\"col-xs-12 col-sm-4\">\r\n    <div id=\"col_inner_f45817041f0693624c292b5f43a3de37\" class=\"fw-col-inner\" data-paddings=\"0px 0px 0px 0px\">\r\n    \t\n<a href=\"\/\/rodrigo.pavezmunoz.cl\/wp-content\/uploads\/2024\/01\/Certificado-Foundations-of-PM-Google.png\" class=\"lightbox\">\n<div class=\"certificate-item clearfix\">\n    <div class=\"certi-logo\">\n                <img decoding=\"async\" src=\"\/\/rodrigo.pavezmunoz.cl\/wp-content\/uploads\/2024\/01\/Coursera.png\" alt=\"logo\">\n            <\/div>\n    <div class=\"certi-content\">\n        <div class=\"certi-title\">\n            <h4>Foundations of Project Management<\/h4>\n        <\/div>\n        <div class=\"certi-id\">\n            <span>PE2492AXPSMM<\/span>\n        <\/div>\n        <div class=\"certi-date\">\n            <span>Agosto 2022<\/span>\n        <\/div>\n        <div class=\"certi-company\">\n            <span><\/span>\n        <\/div>\n    <\/div>\n<\/div>\n<\/a>\n\t<\/div>\r\n<\/div>\r\n\r\n\r\n<div class=\"col-xs-12 col-sm-4\">\r\n    <div id=\"col_inner_d94a14a9937bc8e5864c703b5024a64b\" class=\"fw-col-inner\" data-paddings=\"0px 0px 0px 0px\">\r\n    \t\n<a href=\"\/\/rodrigo.pavezmunoz.cl\/wp-content\/uploads\/2024\/01\/Certificado-Scrum.png\" class=\"lightbox\">\n<div class=\"certificate-item clearfix\">\n    <div class=\"certi-logo\">\n                <img decoding=\"async\" src=\"\/\/rodrigo.pavezmunoz.cl\/wp-content\/uploads\/2023\/12\/Certiprof-1.png\" alt=\"logo\">\n            <\/div>\n    <div class=\"certi-content\">\n        <div class=\"certi-title\">\n            <h4>Scrum Product Owner Professional Certificate<\/h4>\n        <\/div>\n        <div class=\"certi-id\">\n            <span>JLSHHFFTSR-HWQBZWCW-YBDYWQJQGS<\/span>\n        <\/div>\n        <div class=\"certi-date\">\n            <span>Enero 2021<\/span>\n        <\/div>\n        <div class=\"certi-company\">\n            <span><\/span>\n        <\/div>\n    <\/div>\n<\/div>\n<\/a>\n\t<\/div>\r\n<\/div>\r\n<\/div>\n\n<div class=\"row\">\n\t\r\n\r\n<div class=\"col-xs-12 col-sm-12\">\r\n    <div id=\"col_inner_f72d1ecce355e50c601f1c2621706588\" class=\"fw-col-inner\" data-paddings=\"0px 0px 0px 0px\">\r\n    \t\n\t<div class=\"fw-divider-space\" style=\"padding-top: 40px;\"><\/div>\n\t<\/div>\r\n<\/div>\r\n<\/div>\n\n\t<\/div>\n<\/section>","protected":false},"excerpt":{"rendered":"<p>Experiencia Ago 2024 &#8211; Aplaid Gerente de Proyecto Aplaid es una consultora boutique, especializada en IA, innovaci\u00f3n y transformaci\u00f3n digital. \u2022 Asesoro a empresas de las industrias mineras, financieras y otras, en Chile y Per\u00fa, en el dise\u00f1o de proyectos digitales. \u2022 Colaboro en la definici\u00f3n tecnolog\u00edas, arquitectura, scope, equipo de trabajo y governance del&#8230;<\/p>\n<p><a class=\"read-more\" href=\"https:\/\/rodrigo.pavezmunoz.cl\/en\/resume\/\">Read More<\/a><\/p>","protected":false},"author":1,"featured_media":0,"parent":0,"menu_order":0,"comment_status":"closed","ping_status":"closed","template":"","meta":{"_monsterinsights_skip_tracking":false,"_monsterinsights_sitenote_active":false,"_monsterinsights_sitenote_note":"","_monsterinsights_sitenote_category":0,"footnotes":""},"class_list":["post-171","page","type-page","status-publish","hentry"],"aioseo_notices":[],"_links":{"self":[{"href":"https:\/\/rodrigo.pavezmunoz.cl\/en\/wp-json\/wp\/v2\/pages\/171","targetHints":{"allow":["GET"]}}],"collection":[{"href":"https:\/\/rodrigo.pavezmunoz.cl\/en\/wp-json\/wp\/v2\/pages"}],"about":[{"href":"https:\/\/rodrigo.pavezmunoz.cl\/en\/wp-json\/wp\/v2\/types\/page"}],"author":[{"embeddable":true,"href":"https:\/\/rodrigo.pavezmunoz.cl\/en\/wp-json\/wp\/v2\/users\/1"}],"replies":[{"embeddable":true,"href":"https:\/\/rodrigo.pavezmunoz.cl\/en\/wp-json\/wp\/v2\/comments?post=171"}],"version-history":[{"count":51,"href":"https:\/\/rodrigo.pavezmunoz.cl\/en\/wp-json\/wp\/v2\/pages\/171\/revisions"}],"predecessor-version":[{"id":614,"href":"https:\/\/rodrigo.pavezmunoz.cl\/en\/wp-json\/wp\/v2\/pages\/171\/revisions\/614"}],"wp:attachment":[{"href":"https:\/\/rodrigo.pavezmunoz.cl\/en\/wp-json\/wp\/v2\/media?parent=171"}],"curies":[{"name":"wp","href":"https:\/\/api.w.org\/{rel}","templated":true}]}}