{"id":30,"date":"2019-11-28T18:13:32","date_gmt":"2019-11-28T18:13:32","guid":{"rendered":"http:\/\/rodrigo.pavezmunoz.cl\/?page_id=30"},"modified":"2024-05-24T21:04:54","modified_gmt":"2024-05-24T21:04:54","slug":"projects","status":"publish","type":"page","link":"https:\/\/rodrigo.pavezmunoz.cl\/en\/projects\/","title":{"rendered":"Projects"},"content":{"rendered":"<section class=\"fw-main-row \"  >\n\t<div class=\"fw-container\">\n\t\t<div class=\"row\">\n\t\r\n\r\n<div class=\" col-xs-12 col-sm-12 \">\r\n    <div id=\"col_inner_89332e8fd8477dcc18381d59ac29d109\" class=\"fw-col-inner\" data-paddings=\"0px 0px 0px 0px\">\r\n    \t\n                        \n    <!-- Portfolio Content -->\n    <div id=\"portfolio_content_5c52f05e98851490386bbf878f511000\" class=\"portfolio-content\" data-categories=\"3,9,8,7,4,6,5\">\n\n                    <ul class=\"portfolio-filters\">\n                <li class=\"active\">\n                    <a class=\"filter btn btn-sm btn-link\" data-group=\"category_all\">All<\/a>\n                <\/li>\n                                    <li>\n                        <a class=\"filter btn btn-sm btn-link\" data-group=\"category_detailed\">Detailed<\/a>\n                    <\/li>\n                                    <li>\n                        <a class=\"filter btn btn-sm btn-link\" data-group=\"category_music\">Music<\/a>\n                    <\/li>\n                            <\/ul>\n        \n        \n        <!-- Portfolio Grid -->\n        <div class=\"portfolio-grid two-columns\" >\n\n                                <!-- Portfolio Item 73 -->\n                        <figure class=\"item standard\" data-groups='[\"category_all\", &quot;category_detailed&quot;]'>\n                            <div class=\"portfolio-item-img\">\n                            <img loading=\"lazy\" decoding=\"async\" width=\"800\" height=\"814\" src=\"https:\/\/rodrigo.pavezmunoz.cl\/wp-content\/uploads\/2019\/12\/Autoque-imagen.png\" class=\"attachment-portfolio-image-two-c size-portfolio-image-two-c wp-post-image\" alt=\"Autoque\" title=\"\" srcset=\"https:\/\/rodrigo.pavezmunoz.cl\/wp-content\/uploads\/2019\/12\/Autoque-imagen.png 800w, https:\/\/rodrigo.pavezmunoz.cl\/wp-content\/uploads\/2019\/12\/Autoque-imagen-295x300.png 295w, https:\/\/rodrigo.pavezmunoz.cl\/wp-content\/uploads\/2019\/12\/Autoque-imagen-768x781.png 768w\" sizes=\"auto, (max-width: 768px) 92vw, (max-width: 992px) 450px, (max-width: 1200px) 597px, 40vw\" \/>\n                              \n                                                                                <a href=\"https:\/\/rodrigo.pavezmunoz.cl\/en\/project\/autoque\/\"><\/a>\n                                                                                                        <!-- \/Image -->\n                            <\/div>\n\n                            <i class=\"fa fa-file-text-o\"><\/i>\n\n                            \n                            <h4 class=\"name\">Autoque<\/h4>\n                            <span class=\"category\">Detailed<\/span>\n                        <\/figure>\n                        <!-- \/Portfolio Item 73 -->\n                                            <!-- Portfolio Item 537 -->\n                        <figure class=\"item standard\" data-groups='[\"category_all\", &quot;category_music&quot;]'>\n                            <div class=\"portfolio-item-img\">\n                            <img loading=\"lazy\" decoding=\"async\" width=\"658\" height=\"658\" src=\"https:\/\/rodrigo.pavezmunoz.cl\/wp-content\/uploads\/2019\/11\/portada-musica.jpg\" class=\"attachment-portfolio-image-two-c size-portfolio-image-two-c wp-post-image\" alt=\"M\u00fasica\" title=\"\" srcset=\"https:\/\/rodrigo.pavezmunoz.cl\/wp-content\/uploads\/2019\/11\/portada-musica.jpg 658w, https:\/\/rodrigo.pavezmunoz.cl\/wp-content\/uploads\/2019\/11\/portada-musica-300x300.jpg 300w, https:\/\/rodrigo.pavezmunoz.cl\/wp-content\/uploads\/2019\/11\/portada-musica-150x150.jpg 150w, https:\/\/rodrigo.pavezmunoz.cl\/wp-content\/uploads\/2019\/11\/portada-musica-12x12.jpg 12w\" sizes=\"auto, (max-width: 768px) 92vw, (max-width: 992px) 450px, (max-width: 1200px) 597px, 40vw\" \/>\n                              \n                                                                                <a href=\"https:\/\/rodrigo.pavezmunoz.cl\/en\/project\/musica\/\" class=\"ajax-page-load\"><\/a>\n                                                                                                        <!-- \/Image -->\n                            <\/div>\n\n                            <i class=\"fa fa-file-text-o\"><\/i>\n\n                            \n                            <h4 class=\"name\">M\u00fasica<\/h4>\n                            <span class=\"category\">Music<\/span>\n                        <\/figure>\n                        <!-- \/Portfolio Item 537 -->\n                            <\/div>\n\n        \n    <\/div>\n\t<\/div>\r\n<\/div>\r\n<\/div>\n\n\t<\/div>\n<\/section>\n\n","protected":false},"excerpt":{"rendered":"<p>RPM Music Projects \u00b7 Idea &#8211; Intro Y Riff &#8211; Southern Memories Ver esta publicaci\u00f3n en Instagram Una publicaci\u00f3n compartida de Rodrigo Pavez (@rod_pavez) Un poco de historia Aprend\u00ed a tocar guitarra a los 14 a\u00f1os, de manera autodidacta. Con o\u00eddo, ayuda de revistas, algunas tablaturas que consegu\u00eda, tocando con amigos y much\u00edsimas horas de&#8230;<\/p>\n<p><a class=\"read-more\" href=\"https:\/\/rodrigo.pavezmunoz.cl\/en\/project\/musica\/\">Read More<\/a><\/p>","protected":false},"author":1,"featured_media":0,"parent":0,"menu_order":0,"comment_status":"closed","ping_status":"closed","template":"","meta":{"_monsterinsights_skip_tracking":false,"_monsterinsights_sitenote_active":false,"_monsterinsights_sitenote_note":"","_monsterinsights_sitenote_category":0,"footnotes":""},"class_list":["post-30","page","type-page","status-publish","hentry","has-post-thumbnail"],"aioseo_notices":[],"_links":{"self":[{"href":"https:\/\/rodrigo.pavezmunoz.cl\/en\/wp-json\/wp\/v2\/pages\/30","targetHints":{"allow":["GET"]}}],"collection":[{"href":"https:\/\/rodrigo.pavezmunoz.cl\/en\/wp-json\/wp\/v2\/pages"}],"about":[{"href":"https:\/\/rodrigo.pavezmunoz.cl\/en\/wp-json\/wp\/v2\/types\/page"}],"author":[{"embeddable":true,"href":"https:\/\/rodrigo.pavezmunoz.cl\/en\/wp-json\/wp\/v2\/users\/1"}],"replies":[{"embeddable":true,"href":"https:\/\/rodrigo.pavezmunoz.cl\/en\/wp-json\/wp\/v2\/comments?post=30"}],"version-history":[{"count":2,"href":"https:\/\/rodrigo.pavezmunoz.cl\/en\/wp-json\/wp\/v2\/pages\/30\/revisions"}],"predecessor-version":[{"id":32,"href":"https:\/\/rodrigo.pavezmunoz.cl\/en\/wp-json\/wp\/v2\/pages\/30\/revisions\/32"}],"wp:attachment":[{"href":"https:\/\/rodrigo.pavezmunoz.cl\/en\/wp-json\/wp\/v2\/media?parent=30"}],"curies":[{"name":"wp","href":"https:\/\/api.w.org\/{rel}","templated":true}]}}